{"id":1362,"date":"2022-05-29T17:03:33","date_gmt":"2022-05-29T15:03:33","guid":{"rendered":"https:\/\/kdot.dk\/bjerrevej\/?page_id=1362"},"modified":"2024-08-03T19:38:16","modified_gmt":"2024-08-03T17:38:16","slug":"priser","status":"publish","type":"page","link":"https:\/\/bjerrevej100.dk\/index.php\/priser\/","title":{"rendered":"Priser"},"content":{"rendered":"\t\t<div data-elementor-type=\"wp-page\" data-elementor-id=\"1362\" class=\"elementor elementor-1362\">\n\t\t\t\t\t\t<section class=\"elementor-section elementor-top-section elementor-element elementor-element-b25d33d elementor-section-height-min-height elementor-section-boxed elementor-section-height-default elementor-section-items-middle\" data-id=\"b25d33d\" data-element_type=\"section\" data-e-type=\"section\" data-settings=\"{&quot;background_background&quot;:&quot;classic&quot;}\">\n\t\t\t\t\t\t\t<div class=\"elementor-background-overlay\"><\/div>\n\t\t\t\t\t\t\t<div class=\"elementor-container elementor-column-gap-default\">\n\t\t\t\t\t<div class=\"elementor-column elementor-col-100 elementor-top-column elementor-element elementor-element-e63bed8\" data-id=\"e63bed8\" data-element_type=\"column\" data-e-type=\"column\">\n\t\t\t<div class=\"elementor-widget-wrap elementor-element-populated\">\n\t\t\t\t\t\t<div class=\"elementor-element elementor-element-dcecab1 elementor-widget elementor-widget-heading\" data-id=\"dcecab1\" data-element_type=\"widget\" data-e-type=\"widget\" data-widget_type=\"heading.default\">\n\t\t\t\t<div class=\"elementor-widget-container\">\n\t\t\t\t\t<h1 class=\"elementor-heading-title elementor-size-default\">PRISER<\/h1>\t\t\t\t<\/div>\n\t\t\t\t<\/div>\n\t\t\t\t\t<\/div>\n\t\t<\/div>\n\t\t\t\t\t<\/div>\n\t\t<\/section>\n\t\t\t\t<section class=\"elementor-section elementor-top-section elementor-element elementor-element-523cec0 elementor-section-boxed elementor-section-height-default elementor-section-height-default\" data-id=\"523cec0\" data-element_type=\"section\" data-e-type=\"section\">\n\t\t\t\t\t\t<div class=\"elementor-container elementor-column-gap-default\">\n\t\t\t\t\t<div class=\"elementor-column elementor-col-100 elementor-top-column elementor-element elementor-element-fc5bd26\" data-id=\"fc5bd26\" data-element_type=\"column\" data-e-type=\"column\">\n\t\t\t<div class=\"elementor-widget-wrap elementor-element-populated\">\n\t\t\t\t\t\t<div class=\"elementor-element elementor-element-68df158 elementor-widget elementor-widget-spacer\" data-id=\"68df158\" data-element_type=\"widget\" data-e-type=\"widget\" data-widget_type=\"spacer.default\">\n\t\t\t\t<div class=\"elementor-widget-container\">\n\t\t\t\t\t\t\t<div class=\"elementor-spacer\">\n\t\t\t<div class=\"elementor-spacer-inner\"><\/div>\n\t\t<\/div>\n\t\t\t\t\t\t<\/div>\n\t\t\t\t<\/div>\n\t\t\t\t\t<\/div>\n\t\t<\/div>\n\t\t\t\t\t<\/div>\n\t\t<\/section>\n\t\t\t\t<section class=\"elementor-section elementor-top-section elementor-element elementor-element-213be30 elementor-section-boxed elementor-section-height-default elementor-section-height-default\" data-id=\"213be30\" data-element_type=\"section\" data-e-type=\"section\">\n\t\t\t\t\t\t<div class=\"elementor-container elementor-column-gap-default\">\n\t\t\t\t\t<div class=\"elementor-column elementor-col-50 elementor-top-column elementor-element elementor-element-9a74d81\" data-id=\"9a74d81\" data-element_type=\"column\" data-e-type=\"column\">\n\t\t\t<div class=\"elementor-widget-wrap elementor-element-populated\">\n\t\t\t\t\t\t<div class=\"elementor-element elementor-element-7085f29 elementor-widget elementor-widget-heading\" data-id=\"7085f29\" data-element_type=\"widget\" data-e-type=\"widget\" data-widget_type=\"heading.default\">\n\t\t\t\t<div class=\"elementor-widget-container\">\n\t\t\t\t\t<h2 class=\"elementor-heading-title elementor-size-default\">PRISER FOR BRUG AF SKOVHUSET<\/h2>\t\t\t\t<\/div>\n\t\t\t\t<\/div>\n\t\t\t\t\t<\/div>\n\t\t<\/div>\n\t\t\t\t<div class=\"elementor-column elementor-col-50 elementor-top-column elementor-element elementor-element-cb0240e\" data-id=\"cb0240e\" data-element_type=\"column\" data-e-type=\"column\">\n\t\t\t<div class=\"elementor-widget-wrap elementor-element-populated\">\n\t\t\t\t\t\t<div class=\"elementor-element elementor-element-25572fd elementor-widget elementor-widget-image\" data-id=\"25572fd\" data-element_type=\"widget\" data-e-type=\"widget\" data-widget_type=\"image.default\">\n\t\t\t\t<div class=\"elementor-widget-container\">\n\t\t\t\t\t\t\t\t\t\t\t\t\t\t\t<img fetchpriority=\"high\" decoding=\"async\" width=\"720\" height=\"960\" src=\"https:\/\/bjerrevej100.dk\/wp-content\/uploads\/2022\/06\/Skovhuset-2022.jpg\" class=\"attachment-large size-large wp-image-1559\" alt=\"\" srcset=\"https:\/\/bjerrevej100.dk\/wp-content\/uploads\/2022\/06\/Skovhuset-2022.jpg 720w, https:\/\/bjerrevej100.dk\/wp-content\/uploads\/2022\/06\/Skovhuset-2022-225x300.jpg 225w\" sizes=\"(max-width: 720px) 100vw, 720px\" \/>\t\t\t\t\t\t\t\t\t\t\t\t\t\t\t<\/div>\n\t\t\t\t<\/div>\n\t\t\t\t<div class=\"elementor-element elementor-element-8da0e4f elementor-widget elementor-widget-text-editor\" data-id=\"8da0e4f\" data-element_type=\"widget\" data-e-type=\"widget\" data-widget_type=\"text-editor.default\">\n\t\t\t\t<div class=\"elementor-widget-container\">\n\t\t\t\t\t\t\t\t\t<p><strong>Priser for udlejning<\/strong><\/p><p>Dagspris for enhed uden benyttelse af husene: 100 kr.<br \/>Dagspris for Shelters uden benyttelse af husene: 100 kr.\u00a0<\/p><p>Dagspris for leje af husene inkl. vand, ekskl. str\u00f8m og reng\u00f8ring: 1500 kr.<\/p><p>Weekend pris for leje af husene inkl. vand, ekskl. str\u00f8m og reng\u00f8ring (fredag \u2013 s\u00f8ndag kl. 13:00): 3000 kr.<\/p><p>Uge pris (mandag \u2013 s\u00f8ndag kl. 13:00) leje af husene inkl. vand, ekskl. str\u00f8m og reng\u00f8ring: 7000 kr.<\/p><p>Str\u00f8m afregnes s\u00e6rskilt ved afl\u00e6sning af m\u00e5ler ved ankomst og afrejse.<\/p><p>Tilk\u00f8b af reng\u00f8ring: 2500 kr.<\/p><p>*Hvis man selv g\u00f8r rent i husene, skal alle punkterne p\u00e5 reng\u00f8ringssedlen v\u00e6re udf\u00f8rt.<br \/>Pris for en pose br\u00e6nde: 40 kr.<\/p><p>Mobil pay: 718733<\/p><p>For yderligere oplysninger om udlejning, kontaktes:<br \/>Klaus: 24 98 38 80<\/p>\t\t\t\t\t\t\t\t<\/div>\n\t\t\t\t<\/div>\n\t\t\t\t\t<\/div>\n\t\t<\/div>\n\t\t\t\t\t<\/div>\n\t\t<\/section>\n\t\t\t\t<section class=\"elementor-section elementor-top-section elementor-element elementor-element-767b20f elementor-section-boxed elementor-section-height-default elementor-section-height-default\" data-id=\"767b20f\" data-element_type=\"section\" data-e-type=\"section\">\n\t\t\t\t\t\t<div class=\"elementor-container elementor-column-gap-default\">\n\t\t\t\t\t<div class=\"elementor-column elementor-col-100 elementor-top-column elementor-element elementor-element-9525404\" data-id=\"9525404\" data-element_type=\"column\" data-e-type=\"column\">\n\t\t\t<div class=\"elementor-widget-wrap elementor-element-populated\">\n\t\t\t\t\t\t<div class=\"elementor-element elementor-element-15d5a5e elementor-widget elementor-widget-spacer\" data-id=\"15d5a5e\" data-element_type=\"widget\" data-e-type=\"widget\" data-widget_type=\"spacer.default\">\n\t\t\t\t<div class=\"elementor-widget-container\">\n\t\t\t\t\t\t\t<div class=\"elementor-spacer\">\n\t\t\t<div class=\"elementor-spacer-inner\"><\/div>\n\t\t<\/div>\n\t\t\t\t\t\t<\/div>\n\t\t\t\t<\/div>\n\t\t\t\t\t<\/div>\n\t\t<\/div>\n\t\t\t\t\t<\/div>\n\t\t<\/section>\n\t\t\t\t<\/div>\n\t\t","protected":false},"excerpt":{"rendered":"<p>PRISER PRISER FOR BRUG AF SKOVHUSET Priser for udlejning Dagspris for enhed uden benyttelse af husene: 100 kr.Dagspris for Shelters uden benyttelse af husene: 100 kr.\u00a0 Dagspris for leje af &hellip;<\/p>\n<p class=\"read-more\"> <a class=\"\" href=\"https:\/\/bjerrevej100.dk\/index.php\/priser\/\"> <span class=\"screen-reader-text\">Priser<\/span> L\u00e6s mere &raquo;<\/a><\/p>\n","protected":false},"author":1,"featured_media":0,"parent":0,"menu_order":0,"comment_status":"closed","ping_status":"closed","template":"","meta":{"site-sidebar-layout":"no-sidebar","site-content-layout":"page-builder","ast-global-header-display":"","ast-main-header-display":"","ast-hfb-above-header-display":"","ast-hfb-below-header-display":"","ast-hfb-mobile-header-display":"","site-post-title":"disabled","ast-breadcrumbs-content":"","ast-featured-img":"disabled","footer-sml-layout":"","theme-transparent-header-meta":"enabled","adv-header-id-meta":"","stick-header-meta":"","header-above-stick-meta":"","header-main-stick-meta":"","header-below-stick-meta":"","ngg_post_thumbnail":0,"footnotes":""},"class_list":["post-1362","page","type-page","status-publish","hentry"],"aioseo_notices":[],"_links":{"self":[{"href":"https:\/\/bjerrevej100.dk\/index.php\/wp-json\/wp\/v2\/pages\/1362","targetHints":{"allow":["GET"]}}],"collection":[{"href":"https:\/\/bjerrevej100.dk\/index.php\/wp-json\/wp\/v2\/pages"}],"about":[{"href":"https:\/\/bjerrevej100.dk\/index.php\/wp-json\/wp\/v2\/types\/page"}],"author":[{"embeddable":true,"href":"https:\/\/bjerrevej100.dk\/index.php\/wp-json\/wp\/v2\/users\/1"}],"replies":[{"embeddable":true,"href":"https:\/\/bjerrevej100.dk\/index.php\/wp-json\/wp\/v2\/comments?post=1362"}],"version-history":[{"count":35,"href":"https:\/\/bjerrevej100.dk\/index.php\/wp-json\/wp\/v2\/pages\/1362\/revisions"}],"predecessor-version":[{"id":2565,"href":"https:\/\/bjerrevej100.dk\/index.php\/wp-json\/wp\/v2\/pages\/1362\/revisions\/2565"}],"wp:attachment":[{"href":"https:\/\/bjerrevej100.dk\/index.php\/wp-json\/wp\/v2\/media?parent=1362"}],"curies":[{"name":"wp","href":"https:\/\/api.w.org\/{rel}","templated":true}]}}